{"id":658,"date":"2016-01-15T12:11:20","date_gmt":"2016-01-15T11:11:20","guid":{"rendered":"http:\/\/gaussschule-braunschweig.de\/?page_id=658"},"modified":"2019-09-12T10:19:24","modified_gmt":"2019-09-12T08:19:24","slug":"impressum","status":"publish","type":"page","link":"https:\/\/gaussschule-braunschweig.de\/?page_id=658","title":{"rendered":"Impressum"},"content":{"rendered":"<div data-canvas-width=\"169.222977\">Land Niedersachsen (Diensteanbieter im Sinne des Telemediengesetzes)<\/div>\n<div data-canvas-width=\"54.8072992\">Das Land Niedersachsen ist eine juristische Person des \u00f6ffentlichen Rechts<\/div>\n<h3>Vertretungsberechtigt:<\/h3>\n<p>OStD <strong>Stefan L\u00fcttenberg<\/strong>, Schulleiter<br \/>Schultr\u00e4ger: Stadt Braunschweig<\/p>\n<h3>Kontakt:<\/h3>\n<p>Gau\u00dfschule Gymnasium am L\u00f6wenwall<br \/>L\u00f6wenwall 18a<br \/>38100 Braunschweig<br \/>Telefon: (0531) 470-4747<br \/>Fax: (0531) 470-4763<\/p>\n<p>E-Mail: gaussschule(at)braunschweig.de<\/p>\n<h3>Verantwortlicher i.S.d. \u00a7 6 Abs. 2 MDStV:<\/h3>\n<p>OStD <strong>Stefan L\u00fcttenberg<\/strong><br \/>Gau\u00dfschule Gymnasium am L\u00f6wenwall<br \/>L\u00f6wenwall 18a<br \/>38100 Braunschweig<\/p>\n\n","protected":false},"excerpt":{"rendered":"<p>Land Niedersachsen (Diensteanbieter im Sinne des Telemediengesetzes) Das Land Niedersachsen ist eine juristische Person des \u00f6ffentlichen Rechts Vertretungsberechtigt: OStD Stefan L\u00fcttenberg, SchulleiterSchultr\u00e4ger: Stadt Braunschweig Kontakt: Gau\u00dfschule Gymnasium am L\u00f6wenwallL\u00f6wenwall 18a38100 BraunschweigTelefon: (0531) 470-4747Fax: (0531) 470-4763 E-Mail: gaussschule(at)braunschweig.de Verantwortlicher i.S.d. \u00a7 6 Abs. 2 MDStV: OStD Stefan L\u00fcttenbergGau\u00dfschule Gymnasium am L\u00f6wenwallL\u00f6wenwall 18a38100 Braunschweig<\/p>\n","protected":false},"author":1,"featured_media":0,"parent":0,"menu_order":0,"comment_status":"closed","ping_status":"closed","template":"","meta":{"footnotes":"","_links_to":"","_links_to_target":""},"class_list":["post-658","page","type-page","status-publish","hentry"],"_links":{"self":[{"href":"https:\/\/gaussschule-braunschweig.de\/index.php?rest_route=\/wp\/v2\/pages\/658","targetHints":{"allow":["GET"]}}],"collection":[{"href":"https:\/\/gaussschule-braunschweig.de\/index.php?rest_route=\/wp\/v2\/pages"}],"about":[{"href":"https:\/\/gaussschule-braunschweig.de\/index.php?rest_route=\/wp\/v2\/types\/page"}],"author":[{"embeddable":true,"href":"https:\/\/gaussschule-braunschweig.de\/index.php?rest_route=\/wp\/v2\/users\/1"}],"replies":[{"embeddable":true,"href":"https:\/\/gaussschule-braunschweig.de\/index.php?rest_route=%2Fwp%2Fv2%2Fcomments&post=658"}],"version-history":[{"count":4,"href":"https:\/\/gaussschule-braunschweig.de\/index.php?rest_route=\/wp\/v2\/pages\/658\/revisions"}],"predecessor-version":[{"id":4622,"href":"https:\/\/gaussschule-braunschweig.de\/index.php?rest_route=\/wp\/v2\/pages\/658\/revisions\/4622"}],"wp:attachment":[{"href":"https:\/\/gaussschule-braunschweig.de\/index.php?rest_route=%2Fwp%2Fv2%2Fmedia&parent=658"}],"curies":[{"name":"wp","href":"https:\/\/api.w.org\/{rel}","templated":true}]}}