{"id":3554,"date":"2018-05-18T10:48:57","date_gmt":"2018-05-18T08:48:57","guid":{"rendered":"https:\/\/gaussschule-braunschweig.de\/?page_id=3554"},"modified":"2020-05-29T09:00:05","modified_gmt":"2020-05-29T07:00:05","slug":"harzheimverein","status":"publish","type":"page","link":"https:\/\/gaussschule-braunschweig.de\/?page_id=3554","title":{"rendered":"Harzheimverein"},"content":{"rendered":"<p>Seit 1928 geh\u00f6rt das Harzheim dem gemeinn\u00fctzigen Verein \u201eGau\u00dfschulheim Oderbr\u00fcck zu Braunschweig e.V. &#8211; Der F\u00f6rderverein der Gau\u00dfschule\u201c. Durch ihn ist es m\u00f6glich, unser \u201aJuwel Harzheim\u2018 zu renovieren, zu sanieren und zu erhalten. Die Mitglieder des F\u00f6rdervereins sichern so die Existenz des Harzheimes \u2013 auch f\u00fcr k\u00fcnftige Generationen.<\/p>\n<p><a href=\"https:\/\/gaussschule-braunschweig.de\/wp-content\/uploads\/2020\/05\/Neue_Beitrittserkla\u0308rung-Fo\u0308rderverein.pdf\" target=\"_blank\" rel=\"noopener noreferrer\">&#8211; Beitrittserkl\u00e4rung<\/a><\/p>\n<p><a href=\"https:\/\/gaussschule-braunschweig.de\/wp-content\/uploads\/2018\/05\/Satzung-F\u00f6rderverein.pdf\" target=\"_blank\" rel=\"noopener noreferrer\">&#8211; Satzung des F\u00f6rdervereins<\/a><\/p>\n<p><a href=\"https:\/\/gaussschule-braunschweig.de\/wp-content\/uploads\/2020\/05\/Informationspflichten_DSVO-1.pdf\" target=\"_blank\" rel=\"noopener noreferrer\">&#8211; Informationspflicht DSGVO<\/a><\/p>\n<p><a href=\"https:\/\/gaussschule-braunschweig.de\/wp-content\/uploads\/2020\/05\/Datenschutzverordnung_Harzheimverein.pdf\" target=\"_blank\" rel=\"noopener noreferrer\">&#8211; Datenschutzverordnung<\/a><\/p>\n\n","protected":false},"excerpt":{"rendered":"<p>Seit 1928 geh\u00f6rt das Harzheim dem gemeinn\u00fctzigen Verein \u201eGau\u00dfschulheim Oderbr\u00fcck zu Braunschweig e.V. &#8211; Der F\u00f6rderverein der Gau\u00dfschule\u201c. Durch ihn ist es m\u00f6glich, unser \u201aJuwel Harzheim\u2018 zu renovieren, zu sanieren und zu erhalten. Die Mitglieder des F\u00f6rdervereins sichern so die Existenz des Harzheimes \u2013 auch f\u00fcr k\u00fcnftige Generationen. &#8211; Beitrittserkl\u00e4rung &#8211; Satzung des F\u00f6rdervereins &#8211;&#8230; <a href=\"https:\/\/gaussschule-braunschweig.de\/?page_id=3554\" class=\"excerpt-read-more\">Read More<\/a><\/p>\n","protected":false},"author":1,"featured_media":0,"parent":0,"menu_order":0,"comment_status":"closed","ping_status":"closed","template":"","meta":{"footnotes":"","_links_to":"","_links_to_target":""},"class_list":["post-3554","page","type-page","status-publish","hentry","page_category-besonderheiten"],"_links":{"self":[{"href":"https:\/\/gaussschule-braunschweig.de\/index.php?rest_route=\/wp\/v2\/pages\/3554","targetHints":{"allow":["GET"]}}],"collection":[{"href":"https:\/\/gaussschule-braunschweig.de\/index.php?rest_route=\/wp\/v2\/pages"}],"about":[{"href":"https:\/\/gaussschule-braunschweig.de\/index.php?rest_route=\/wp\/v2\/types\/page"}],"author":[{"embeddable":true,"href":"https:\/\/gaussschule-braunschweig.de\/index.php?rest_route=\/wp\/v2\/users\/1"}],"replies":[{"embeddable":true,"href":"https:\/\/gaussschule-braunschweig.de\/index.php?rest_route=%2Fwp%2Fv2%2Fcomments&post=3554"}],"version-history":[{"count":7,"href":"https:\/\/gaussschule-braunschweig.de\/index.php?rest_route=\/wp\/v2\/pages\/3554\/revisions"}],"predecessor-version":[{"id":5139,"href":"https:\/\/gaussschule-braunschweig.de\/index.php?rest_route=\/wp\/v2\/pages\/3554\/revisions\/5139"}],"wp:attachment":[{"href":"https:\/\/gaussschule-braunschweig.de\/index.php?rest_route=%2Fwp%2Fv2%2Fmedia&parent=3554"}],"curies":[{"name":"wp","href":"https:\/\/api.w.org\/{rel}","templated":true}]}}